{"id":471,"date":"2015-11-16T10:08:39","date_gmt":"2015-11-16T15:08:39","guid":{"rendered":"http:\/\/104640.aliquando.id-3.net\/?page_id=471"},"modified":"2025-01-21T15:31:53","modified_gmt":"2025-01-21T15:31:53","slug":"liens","status":"publish","type":"page","link":"https:\/\/garderieavendre.ca\/en\/liens\/","title":{"rendered":"Links"},"content":{"rendered":"<p><a href=\"http:\/\/aibq.qc.ca\/fra\/membres.php\" target=\"_blank\" rel=\"noopener noreferrer\">Trouver un inspecteur en b\u00e2timent<\/a><\/p>\n<p><a href=\"http:\/\/www.cnq.org\/fr\/trouver-un-notaire.html\" target=\"_blank\" rel=\"noopener noreferrer\">Trouver un notaire<\/a><\/p>\n<p><a href=\"http:\/\/ville.montreal.qc.ca\/portal\/page?_pageid=3077,3528875&amp;_dad=portal&amp;_schema=PORTAL\" target=\"_blank\" rel=\"nofollow noopener noreferrer\">\u00c9valuation fonci\u00e8re Ville de Montr\u00e9al<\/a><\/p>\n<p><a href=\"http:\/\/www.ville.laval.qc.ca\/wlav2\/eval.app.show?p_chx=1\" target=\"_blank\" rel=\"noopener noreferrer\">\u00c9valuation fonci\u00e8re Ville de Laval<\/a><\/p>\n<p><a href=\"http:\/\/e-services.acceo.com\/immosoft\/controller\/ImmoNetPub\/U4051\/trouverParAdresse?fourn_seq=53\" target=\"_blank\" rel=\"noopener noreferrer\">\u00c9valuation fonci\u00e8re Ville de R\u00e9pentigny<\/a><\/p>\n<p><a href=\"https:\/\/portail.accescite.net\/ProfileGovern\/UEL\/WEB_UEL_CITY.aspx?action=styleselection&amp;CityId=52007&amp;language=fr&amp;CookiesOn=yes\">\u00c9valuation fonci\u00e8re Ville de Lanoraie<\/a><\/p>\n<p><a href=\"http:\/\/e-services.acceo.com\/immosoft\/controller\/ImmoNetPub\/U4051\/trouverParAdresse?fourn_seq=49\">\u00c9valuation fonci\u00e8re Ville de Blainville<\/a><\/p>\n<p><a href=\"https:\/\/portail.accescite.net\/ProfileGovern\/UEL\/WEB_UEL_CITY.aspx?action=styleselection&amp;CityId=64015&amp;language=fr\">\u00c9valuation fonci\u00e8re ville de Mascouche<\/a><\/p>\n<p><a href=\"https:\/\/www.infotechdev.com\/roleenligne\/searchrole\/60040\/search\">\u00c9valuation fonci\u00e8re ville de L&#8217;\u00c9piphanie<\/a><\/p>\n<p><a href=\"https:\/\/www.infotechdev.com\/roleenligne\/searchrole\/60040\/search\">\u00c9valuation fonci\u00e8re ville de L&#8217;Assomption<\/a><\/p>\n<p><a href=\"https:\/\/role.longueuil.quebec\/asp\/Frame.asp?ResolEcran=1366&amp;ROLE=2016\">\u00c9valuation fonci\u00e8re ville de Longueuil<\/a><\/p>\n<p><a href=\"http:\/\/www.revenuquebec.ca\/fr\/sepf\/formulaires\/fp\/fp-2190_p.aspx\" target=\"_blank\" rel=\"noopener noreferrer\">Formulaire de remboursement TPS\/TVQ pour une habitation neuve<\/a><\/p>\n<p><a href=\"http:\/\/calculatrice.apchq.com\/\" target=\"_blank\" rel=\"noopener noreferrer\">Calculatrice de remboursement de TPS\/TVQ<\/a><\/p>\n<p><a href=\"http:\/\/ville.montreal.qc.ca\/portal\/page?_pageid=9337,112591595&amp;_dad=portal&amp;_schema=PORTAL\" target=\"_blank\" rel=\"noopener noreferrer\">Remboursement Ville de Montr\u00e9al pour l&#8217;achat d&#8217;une habitation neuve<\/a><\/p>\n<p><a href=\"http:\/\/ville.montreal.qc.ca\/portal\/page?_pageid=9337,112625596&amp;_dad=portal&amp;_schema=PORTAL\" target=\"_blank\" rel=\"noopener noreferrer\">Remboursement pour r\u00e9novations Ville de Montr\u00e9al<\/a><\/p>\n<p><a href=\"https:\/\/www.facebook.com\/Chandelier-Canadien-en-Laiton-et-cristal-inc-763880823628432\/\" target=\"_blank\" rel=\"nofollow noopener noreferrer\">Magnifique chandeliers en laiton et cristals fait sur mesure.<\/a><\/p>\n<p><a href=\"https:\/\/www.chaletsalouer.com\/fr\/location-de-chalet\/lanaudiere\/saint-paul\/maison-chalet-de-luxe-st-paul\/\" target=\"_blank\" rel=\"nofollow noopener noreferrer\">Tr\u00e8s beau chalet de luxe \u00e0 louer \u00e0 St. Paul de joliette<\/a><\/p>\n","protected":false},"excerpt":{"rendered":"<p>Trouver un inspecteur en b\u00e2timent Trouver un notaire \u00c9valuation fonci\u00e8re Ville de Montr\u00e9al \u00c9valuation fonci\u00e8re Ville de Laval \u00c9valuation fonci\u00e8re Ville de R\u00e9pentigny \u00c9valuation fonci\u00e8re Ville de Lanoraie \u00c9valuation fonci\u00e8re Ville de Blainville \u00c9valuation fonci\u00e8re ville de Mascouche \u00c9valuation fonci\u00e8re ville de L&#8217;\u00c9piphanie \u00c9valuation fonci\u00e8re ville de L&#8217;Assomption \u00c9valuation fonci\u00e8re ville de Longueuil Formulaire de [&hellip;]<\/p>\n","protected":false},"author":121,"featured_media":0,"parent":0,"menu_order":45,"comment_status":"closed","ping_status":"closed","template":"page-fullwidth.php","meta":{"_acf_changed":false,"footnotes":""},"class_list":["post-471","page","type-page","status-publish","hentry"],"acf":[],"yoast_head":"<!-- This site is optimized with the Yoast SEO plugin v26.7 - https:\/\/yoast.com\/wordpress\/plugins\/seo\/ -->\n<title>Links - Garderie \u00e0 Vendre<\/title>\n<meta name=\"robots\" content=\"index, follow, max-snippet:-1, max-image-preview:large, max-video-preview:-1\" \/>\n<link rel=\"canonical\" href=\"https:\/\/garderieavendre.ca\/liens\/\" \/>\n<meta property=\"og:locale\" content=\"en_US\" \/>\n<meta property=\"og:type\" content=\"article\" \/>\n<meta property=\"og:title\" content=\"Links - Garderie \u00e0 Vendre\" \/>\n<meta property=\"og:description\" content=\"Trouver un inspecteur en b\u00e2timent Trouver un notaire \u00c9valuation fonci\u00e8re Ville de Montr\u00e9al \u00c9valuation fonci\u00e8re Ville de Laval \u00c9valuation fonci\u00e8re Ville de R\u00e9pentigny \u00c9valuation fonci\u00e8re Ville de Lanoraie \u00c9valuation fonci\u00e8re Ville de Blainville \u00c9valuation fonci\u00e8re ville de Mascouche \u00c9valuation fonci\u00e8re ville de L&#8217;\u00c9piphanie \u00c9valuation fonci\u00e8re ville de L&#8217;Assomption \u00c9valuation fonci\u00e8re ville de Longueuil Formulaire de [&hellip;]\" \/>\n<meta property=\"og:url\" content=\"https:\/\/garderieavendre.ca\/liens\/\" \/>\n<meta property=\"og:site_name\" content=\"Garderie \u00e0 Vendre\" \/>\n<meta property=\"article:modified_time\" content=\"2025-01-21T15:31:53+00:00\" \/>\n<meta property=\"og:image\" content=\"https:\/\/garderieavendre.ca\/files\/2025\/01\/Header_Facebook.png\" \/>\n<meta name=\"twitter:card\" content=\"summary_large_image\" \/>\n<meta name=\"twitter:image\" content=\"https:\/\/garderieavendre.ca\/files\/2025\/01\/Header_Facebook.png\" \/>\n<meta name=\"twitter:label1\" content=\"Est. reading time\" \/>\n\t<meta name=\"twitter:data1\" content=\"1 minute\" \/>\n<script type=\"application\/ld+json\" class=\"yoast-schema-graph\">{\"@context\":\"https:\/\/schema.org\",\"@graph\":[{\"@type\":\"WebPage\",\"@id\":\"https:\/\/garderieavendre.ca\/liens\/\",\"url\":\"https:\/\/garderieavendre.ca\/liens\/\",\"name\":\"[:fr]Liens[:en]Links[:] - Garderie \u00e0 Vendre\",\"isPartOf\":{\"@id\":\"https:\/\/garderieavendre.ca\/#website\"},\"datePublished\":\"2015-11-16T15:08:39+00:00\",\"dateModified\":\"2025-01-21T15:31:53+00:00\",\"breadcrumb\":{\"@id\":\"https:\/\/garderieavendre.ca\/liens\/#breadcrumb\"},\"inLanguage\":\"en-US\",\"potentialAction\":[{\"@type\":\"ReadAction\",\"target\":[\"https:\/\/garderieavendre.ca\/liens\/\"]}]},{\"@type\":\"BreadcrumbList\",\"@id\":\"https:\/\/garderieavendre.ca\/liens\/#breadcrumb\",\"itemListElement\":[{\"@type\":\"ListItem\",\"position\":1,\"name\":\"Accueil\",\"item\":\"https:\/\/garderieavendre.ca\/\"},{\"@type\":\"ListItem\",\"position\":2,\"name\":\"Liens\"}]},{\"@type\":\"WebSite\",\"@id\":\"https:\/\/garderieavendre.ca\/#website\",\"url\":\"https:\/\/garderieavendre.ca\/\",\"name\":\"Garderie \u00e0 Vendre\",\"description\":\"Real estate broker - Daycare specialist.\",\"alternateName\":\"Garderie \u00e0 vendre au Qu\u00e9bec\",\"potentialAction\":[{\"@type\":\"SearchAction\",\"target\":{\"@type\":\"EntryPoint\",\"urlTemplate\":\"https:\/\/garderieavendre.ca\/?s={search_term_string}\"},\"query-input\":{\"@type\":\"PropertyValueSpecification\",\"valueRequired\":true,\"valueName\":\"search_term_string\"}}],\"inLanguage\":\"en-US\"}]}<\/script>\n<!-- \/ Yoast SEO plugin. -->","yoast_head_json":{"title":"Links - Garderie \u00e0 Vendre","robots":{"index":"index","follow":"follow","max-snippet":"max-snippet:-1","max-image-preview":"max-image-preview:large","max-video-preview":"max-video-preview:-1"},"canonical":"https:\/\/garderieavendre.ca\/liens\/","og_locale":"en_US","og_type":"article","og_title":"Links - Garderie \u00e0 Vendre","og_description":"Trouver un inspecteur en b\u00e2timent Trouver un notaire \u00c9valuation fonci\u00e8re Ville de Montr\u00e9al \u00c9valuation fonci\u00e8re Ville de Laval \u00c9valuation fonci\u00e8re Ville de R\u00e9pentigny \u00c9valuation fonci\u00e8re Ville de Lanoraie \u00c9valuation fonci\u00e8re Ville de Blainville \u00c9valuation fonci\u00e8re ville de Mascouche \u00c9valuation fonci\u00e8re ville de L&#8217;\u00c9piphanie \u00c9valuation fonci\u00e8re ville de L&#8217;Assomption \u00c9valuation fonci\u00e8re ville de Longueuil Formulaire de [&hellip;]","og_url":"https:\/\/garderieavendre.ca\/liens\/","og_site_name":"Garderie \u00e0 Vendre","article_modified_time":"2025-01-21T15:31:53+00:00","og_image":[{"url":"https:\/\/garderieavendre.ca\/files\/2025\/01\/Header_Facebook.png","type":"","width":"","height":""}],"twitter_card":"summary_large_image","twitter_image":"https:\/\/garderieavendre.ca\/files\/2025\/01\/Header_Facebook.png","twitter_misc":{"Est. reading time":"1 minute"},"schema":{"@context":"https:\/\/schema.org","@graph":[{"@type":"WebPage","@id":"https:\/\/garderieavendre.ca\/liens\/","url":"https:\/\/garderieavendre.ca\/liens\/","name":"[:fr]Liens[:en]Links[:] - Garderie \u00e0 Vendre","isPartOf":{"@id":"https:\/\/garderieavendre.ca\/#website"},"datePublished":"2015-11-16T15:08:39+00:00","dateModified":"2025-01-21T15:31:53+00:00","breadcrumb":{"@id":"https:\/\/garderieavendre.ca\/liens\/#breadcrumb"},"inLanguage":"en-US","potentialAction":[{"@type":"ReadAction","target":["https:\/\/garderieavendre.ca\/liens\/"]}]},{"@type":"BreadcrumbList","@id":"https:\/\/garderieavendre.ca\/liens\/#breadcrumb","itemListElement":[{"@type":"ListItem","position":1,"name":"Accueil","item":"https:\/\/garderieavendre.ca\/"},{"@type":"ListItem","position":2,"name":"Liens"}]},{"@type":"WebSite","@id":"https:\/\/garderieavendre.ca\/#website","url":"https:\/\/garderieavendre.ca\/","name":"Garderie \u00e0 Vendre","description":"Real estate broker - Daycare specialist.","alternateName":"Garderie \u00e0 vendre au Qu\u00e9bec","potentialAction":[{"@type":"SearchAction","target":{"@type":"EntryPoint","urlTemplate":"https:\/\/garderieavendre.ca\/?s={search_term_string}"},"query-input":{"@type":"PropertyValueSpecification","valueRequired":true,"valueName":"search_term_string"}}],"inLanguage":"en-US"}]}},"_links":{"self":[{"href":"https:\/\/garderieavendre.ca\/en\/wp-json\/wp\/v2\/pages\/471","targetHints":{"allow":["GET"]}}],"collection":[{"href":"https:\/\/garderieavendre.ca\/en\/wp-json\/wp\/v2\/pages"}],"about":[{"href":"https:\/\/garderieavendre.ca\/en\/wp-json\/wp\/v2\/types\/page"}],"author":[{"embeddable":true,"href":"https:\/\/garderieavendre.ca\/en\/wp-json\/wp\/v2\/users\/121"}],"replies":[{"embeddable":true,"href":"https:\/\/garderieavendre.ca\/en\/wp-json\/wp\/v2\/comments?post=471"}],"version-history":[{"count":2,"href":"https:\/\/garderieavendre.ca\/en\/wp-json\/wp\/v2\/pages\/471\/revisions"}],"predecessor-version":[{"id":1493,"href":"https:\/\/garderieavendre.ca\/en\/wp-json\/wp\/v2\/pages\/471\/revisions\/1493"}],"wp:attachment":[{"href":"https:\/\/garderieavendre.ca\/en\/wp-json\/wp\/v2\/media?parent=471"}],"curies":[{"name":"wp","href":"https:\/\/api.w.org\/{rel}","templated":true}]}}